{"id":41,"date":"2021-09-16T08:24:19","date_gmt":"2021-09-16T08:24:19","guid":{"rendered":"https:\/\/www.iuf.li\/finanzplatz-liechtenstein\/"},"modified":"2021-10-04T06:06:37","modified_gmt":"2021-10-04T06:06:37","slug":"finanzplatz-liechtenstein","status":"publish","type":"page","link":"https:\/\/www.iuf.li\/de\/finanzplatz-liechtenstein\/","title":{"rendered":"Finanzplatz Liechtenstein"},"content":{"rendered":"","protected":false},"excerpt":{"rendered":"","protected":false},"author":1,"featured_media":0,"parent":0,"menu_order":22,"comment_status":"closed","ping_status":"closed","template":"","meta":{"_acf_changed":false,"_seopress_robots_primary_cat":"","_seopress_titles_title":"Finanzplatz Liechtenstein: stabil, sicher und breit diversifiziert","_seopress_titles_desc":"Der Finanzplatz Liechtenstein steht f\u00fcr Verm\u00f6gensschutz, Private Banking, erstklassige Verm\u00f6gensverwaltung und ein konstantes AAA-Rating","_seopress_robots_index":"","footnotes":""},"class_list":["post-41","page","type-page","status-publish","format-standard","hentry"],"acf":[],"_links":{"self":[{"href":"https:\/\/www.iuf.li\/de\/wp-json\/wp\/v2\/pages\/41","targetHints":{"allow":["GET"]}}],"collection":[{"href":"https:\/\/www.iuf.li\/de\/wp-json\/wp\/v2\/pages"}],"about":[{"href":"https:\/\/www.iuf.li\/de\/wp-json\/wp\/v2\/types\/page"}],"author":[{"embeddable":true,"href":"https:\/\/www.iuf.li\/de\/wp-json\/wp\/v2\/users\/1"}],"replies":[{"embeddable":true,"href":"https:\/\/www.iuf.li\/de\/wp-json\/wp\/v2\/comments?post=41"}],"version-history":[{"count":0,"href":"https:\/\/www.iuf.li\/de\/wp-json\/wp\/v2\/pages\/41\/revisions"}],"wp:attachment":[{"href":"https:\/\/www.iuf.li\/de\/wp-json\/wp\/v2\/media?parent=41"}],"curies":[{"name":"wp","href":"https:\/\/api.w.org\/{rel}","templated":true}]}}