{"id":43,"date":"2021-09-16T08:24:19","date_gmt":"2021-09-16T08:24:19","guid":{"rendered":"https:\/\/www.iuf.li\/karriere\/"},"modified":"2023-09-28T13:36:03","modified_gmt":"2023-09-28T13:36:03","slug":"karriere","status":"publish","type":"page","link":"https:\/\/www.iuf.li\/de\/karriere\/","title":{"rendered":"Karriere"},"content":{"rendered":"","protected":false},"excerpt":{"rendered":"","protected":false},"author":1,"featured_media":0,"parent":0,"menu_order":25,"comment_status":"closed","ping_status":"closed","template":"","meta":{"_acf_changed":false,"_seopress_robots_primary_cat":"","_seopress_titles_title":"Machen Sie Karriere im liechtensteinischen Treuhandwesen","_seopress_titles_desc":"Verm\u00f6gensschutz und Verm\u00f6genserhalt als Berufung: Industrie- und Finanzkontor bietet ein breit gef\u00e4chertes Stellenangebot","_seopress_robots_index":"","footnotes":""},"class_list":["post-43","page","type-page","status-publish","format-standard","hentry"],"acf":[],"_links":{"self":[{"href":"https:\/\/www.iuf.li\/de\/wp-json\/wp\/v2\/pages\/43","targetHints":{"allow":["GET"]}}],"collection":[{"href":"https:\/\/www.iuf.li\/de\/wp-json\/wp\/v2\/pages"}],"about":[{"href":"https:\/\/www.iuf.li\/de\/wp-json\/wp\/v2\/types\/page"}],"author":[{"embeddable":true,"href":"https:\/\/www.iuf.li\/de\/wp-json\/wp\/v2\/users\/1"}],"replies":[{"embeddable":true,"href":"https:\/\/www.iuf.li\/de\/wp-json\/wp\/v2\/comments?post=43"}],"version-history":[{"count":0,"href":"https:\/\/www.iuf.li\/de\/wp-json\/wp\/v2\/pages\/43\/revisions"}],"wp:attachment":[{"href":"https:\/\/www.iuf.li\/de\/wp-json\/wp\/v2\/media?parent=43"}],"curies":[{"name":"wp","href":"https:\/\/api.w.org\/{rel}","templated":true}]}}