{"id":44,"date":"2021-09-16T08:24:19","date_gmt":"2021-09-16T08:24:19","guid":{"rendered":"https:\/\/www.iuf.li\/nachhaltigkeit\/"},"modified":"2021-10-04T07:04:13","modified_gmt":"2021-10-04T07:04:13","slug":"nachhaltigkeit","status":"publish","type":"page","link":"https:\/\/www.iuf.li\/de\/nachhaltigkeit\/","title":{"rendered":"Nachhaltigkeit"},"content":{"rendered":"","protected":false},"excerpt":{"rendered":"","protected":false},"author":1,"featured_media":0,"parent":0,"menu_order":24,"comment_status":"closed","ping_status":"closed","template":"","meta":{"_acf_changed":false,"_seopress_robots_primary_cat":"","_seopress_titles_title":"Langfristig und f\u00fcr Generationen: Industrie- und Finanzkontor Liechtenstein","_seopress_titles_desc":"Nachhaltigkeit erzielen mit treuh\u00e4nderischen Verm\u00f6gensstrukturen in Liechtenstein? Hier erfahren Sie mehr.","_seopress_robots_index":"","footnotes":""},"class_list":["post-44","page","type-page","status-publish","format-standard","hentry"],"acf":[],"_links":{"self":[{"href":"https:\/\/www.iuf.li\/de\/wp-json\/wp\/v2\/pages\/44","targetHints":{"allow":["GET"]}}],"collection":[{"href":"https:\/\/www.iuf.li\/de\/wp-json\/wp\/v2\/pages"}],"about":[{"href":"https:\/\/www.iuf.li\/de\/wp-json\/wp\/v2\/types\/page"}],"author":[{"embeddable":true,"href":"https:\/\/www.iuf.li\/de\/wp-json\/wp\/v2\/users\/1"}],"replies":[{"embeddable":true,"href":"https:\/\/www.iuf.li\/de\/wp-json\/wp\/v2\/comments?post=44"}],"version-history":[{"count":0,"href":"https:\/\/www.iuf.li\/de\/wp-json\/wp\/v2\/pages\/44\/revisions"}],"wp:attachment":[{"href":"https:\/\/www.iuf.li\/de\/wp-json\/wp\/v2\/media?parent=44"}],"curies":[{"name":"wp","href":"https:\/\/api.w.org\/{rel}","templated":true}]}}