{"id":46,"date":"2021-09-16T08:24:19","date_gmt":"2021-09-16T08:24:19","guid":{"rendered":"https:\/\/www.iuf.li\/vermoegensschutz\/"},"modified":"2021-09-29T08:52:53","modified_gmt":"2021-09-29T08:52:53","slug":"vermoegensschutz","status":"publish","type":"page","link":"https:\/\/www.iuf.li\/de\/vermoegensschutz\/","title":{"rendered":"Verm\u00f6gensschutz"},"content":{"rendered":"","protected":false},"excerpt":{"rendered":"","protected":false},"author":1,"featured_media":0,"parent":0,"menu_order":20,"comment_status":"closed","ping_status":"closed","template":"","meta":{"_acf_changed":false,"_seopress_robots_primary_cat":"","_seopress_titles_title":"Industrie- und Finanzkontor: Verm\u00f6gensschutz in Liechtenstein","_seopress_titles_desc":"Schutz und Sicherung von Verm\u00f6gen \u00fcber liechtensteinische Stiftungen, Trusts, Anstalten und andere Rechtstr\u00e4ger ","_seopress_robots_index":"","footnotes":""},"class_list":["post-46","page","type-page","status-publish","format-standard","hentry"],"acf":[],"_links":{"self":[{"href":"https:\/\/www.iuf.li\/de\/wp-json\/wp\/v2\/pages\/46","targetHints":{"allow":["GET"]}}],"collection":[{"href":"https:\/\/www.iuf.li\/de\/wp-json\/wp\/v2\/pages"}],"about":[{"href":"https:\/\/www.iuf.li\/de\/wp-json\/wp\/v2\/types\/page"}],"author":[{"embeddable":true,"href":"https:\/\/www.iuf.li\/de\/wp-json\/wp\/v2\/users\/1"}],"replies":[{"embeddable":true,"href":"https:\/\/www.iuf.li\/de\/wp-json\/wp\/v2\/comments?post=46"}],"version-history":[{"count":0,"href":"https:\/\/www.iuf.li\/de\/wp-json\/wp\/v2\/pages\/46\/revisions"}],"wp:attachment":[{"href":"https:\/\/www.iuf.li\/de\/wp-json\/wp\/v2\/media?parent=46"}],"curies":[{"name":"wp","href":"https:\/\/api.w.org\/{rel}","templated":true}]}}