{"id":50,"date":"2021-09-16T08:26:34","date_gmt":"2021-09-16T08:26:34","guid":{"rendered":"https:\/\/www.iuf.li\/vermoegensschutz\/liechtensteinischer-trust\/"},"modified":"2021-09-29T09:55:12","modified_gmt":"2021-09-29T09:55:12","slug":"liechtensteinischer-trust","status":"publish","type":"page","link":"https:\/\/www.iuf.li\/de\/vermoegensschutz\/liechtensteinischer-trust\/","title":{"rendered":"Liechtensteinischer Trust"},"content":{"rendered":"","protected":false},"excerpt":{"rendered":"","protected":false},"author":1,"featured_media":0,"parent":46,"menu_order":18,"comment_status":"closed","ping_status":"closed","template":"","meta":{"_acf_changed":false,"_seopress_robots_primary_cat":"","_seopress_titles_title":"Trust gr\u00fcnden in Liechtenstein: Kernkompetenz von Industrie- und Finanzkontor","_seopress_titles_desc":"Sie interessieren sich f\u00fcr einen liechtensteinischen Trust? Wir gr\u00fcnden internationale und \tliechtensteinische Rechtstr\u00e4ger, wie den Trust.","_seopress_robots_index":"","footnotes":""},"class_list":["post-50","page","type-page","status-publish","format-standard","hentry"],"acf":[],"_links":{"self":[{"href":"https:\/\/www.iuf.li\/de\/wp-json\/wp\/v2\/pages\/50","targetHints":{"allow":["GET"]}}],"collection":[{"href":"https:\/\/www.iuf.li\/de\/wp-json\/wp\/v2\/pages"}],"about":[{"href":"https:\/\/www.iuf.li\/de\/wp-json\/wp\/v2\/types\/page"}],"author":[{"embeddable":true,"href":"https:\/\/www.iuf.li\/de\/wp-json\/wp\/v2\/users\/1"}],"replies":[{"embeddable":true,"href":"https:\/\/www.iuf.li\/de\/wp-json\/wp\/v2\/comments?post=50"}],"version-history":[{"count":0,"href":"https:\/\/www.iuf.li\/de\/wp-json\/wp\/v2\/pages\/50\/revisions"}],"up":[{"embeddable":true,"href":"https:\/\/www.iuf.li\/de\/wp-json\/wp\/v2\/pages\/46"}],"wp:attachment":[{"href":"https:\/\/www.iuf.li\/de\/wp-json\/wp\/v2\/media?parent=50"}],"curies":[{"name":"wp","href":"https:\/\/api.w.org\/{rel}","templated":true}]}}