{"id":51,"date":"2021-09-16T08:27:05","date_gmt":"2021-09-16T08:27:05","guid":{"rendered":"https:\/\/www.iuf.li\/treuhanddienstleistungen\/beratung-und-strukturierung\/"},"modified":"2021-09-29T16:08:25","modified_gmt":"2021-09-29T16:08:25","slug":"beratung-und-strukturierung","status":"publish","type":"page","link":"https:\/\/www.iuf.li\/de\/treuhanddienstleistungen\/beratung-und-strukturierung\/","title":{"rendered":"Beratung und Strukturierung"},"content":{"rendered":"","protected":false},"excerpt":{"rendered":"","protected":false},"author":1,"featured_media":0,"parent":45,"menu_order":13,"comment_status":"closed","ping_status":"closed","template":"","meta":{"_acf_changed":false,"_seopress_robots_primary_cat":"","_seopress_titles_title":"Industrie- und Finanzkontor: Schutz und Sicherheit f\u00fcr Verm\u00f6gen","_seopress_titles_desc":"Wir betrachten Verm\u00f6gen aus einer Gesamtperspektive und entwickeln Verm\u00f6gensstrukturen, \tmit denen Verm\u00f6gen langfristig gesichert werden kann","_seopress_robots_index":"","footnotes":""},"class_list":["post-51","page","type-page","status-publish","format-standard","hentry"],"acf":[],"_links":{"self":[{"href":"https:\/\/www.iuf.li\/de\/wp-json\/wp\/v2\/pages\/51","targetHints":{"allow":["GET"]}}],"collection":[{"href":"https:\/\/www.iuf.li\/de\/wp-json\/wp\/v2\/pages"}],"about":[{"href":"https:\/\/www.iuf.li\/de\/wp-json\/wp\/v2\/types\/page"}],"author":[{"embeddable":true,"href":"https:\/\/www.iuf.li\/de\/wp-json\/wp\/v2\/users\/1"}],"replies":[{"embeddable":true,"href":"https:\/\/www.iuf.li\/de\/wp-json\/wp\/v2\/comments?post=51"}],"version-history":[{"count":0,"href":"https:\/\/www.iuf.li\/de\/wp-json\/wp\/v2\/pages\/51\/revisions"}],"up":[{"embeddable":true,"href":"https:\/\/www.iuf.li\/de\/wp-json\/wp\/v2\/pages\/45"}],"wp:attachment":[{"href":"https:\/\/www.iuf.li\/de\/wp-json\/wp\/v2\/media?parent=51"}],"curies":[{"name":"wp","href":"https:\/\/api.w.org\/{rel}","templated":true}]}}