{"id":56,"date":"2021-09-16T08:27:56","date_gmt":"2021-09-16T08:27:56","guid":{"rendered":"https:\/\/www.iuf.li\/industrie-und-finanzkontor\/unsere-herkunft\/"},"modified":"2021-10-04T06:57:43","modified_gmt":"2021-10-04T06:57:43","slug":"unsere-herkunft","status":"publish","type":"page","link":"https:\/\/www.iuf.li\/de\/industrie-und-finanzkontor\/unsere-herkunft\/","title":{"rendered":"Unsere Herkunft"},"content":{"rendered":"","protected":false},"excerpt":{"rendered":"","protected":false},"author":1,"featured_media":0,"parent":42,"menu_order":10,"comment_status":"closed","ping_status":"closed","template":"","meta":{"_acf_changed":false,"_seopress_robots_primary_cat":"","_seopress_titles_title":"Gegr\u00fcndet 1948 von Mitgliedern des F\u00fcrstenhaus Liechtenstein","_seopress_titles_desc":"Das Haus Liechtenstein belegt, dass Verm\u00f6gen und Werte erhalten werden k\u00f6nnen, auch in einer Welt, die sich st\u00e4ndig ver\u00e4ndert","_seopress_robots_index":"","footnotes":""},"class_list":["post-56","page","type-page","status-publish","format-standard","hentry"],"acf":[],"_links":{"self":[{"href":"https:\/\/www.iuf.li\/de\/wp-json\/wp\/v2\/pages\/56","targetHints":{"allow":["GET"]}}],"collection":[{"href":"https:\/\/www.iuf.li\/de\/wp-json\/wp\/v2\/pages"}],"about":[{"href":"https:\/\/www.iuf.li\/de\/wp-json\/wp\/v2\/types\/page"}],"author":[{"embeddable":true,"href":"https:\/\/www.iuf.li\/de\/wp-json\/wp\/v2\/users\/1"}],"replies":[{"embeddable":true,"href":"https:\/\/www.iuf.li\/de\/wp-json\/wp\/v2\/comments?post=56"}],"version-history":[{"count":0,"href":"https:\/\/www.iuf.li\/de\/wp-json\/wp\/v2\/pages\/56\/revisions"}],"up":[{"embeddable":true,"href":"https:\/\/www.iuf.li\/de\/wp-json\/wp\/v2\/pages\/42"}],"wp:attachment":[{"href":"https:\/\/www.iuf.li\/de\/wp-json\/wp\/v2\/media?parent=56"}],"curies":[{"name":"wp","href":"https:\/\/api.w.org\/{rel}","templated":true}]}}