{"id":57,"date":"2021-09-16T08:27:56","date_gmt":"2021-09-16T08:27:56","guid":{"rendered":"https:\/\/www.iuf.li\/industrie-und-finanzkontor\/werte-und-prinzipien\/"},"modified":"2021-10-04T06:52:11","modified_gmt":"2021-10-04T06:52:11","slug":"werte-und-prinzipien","status":"publish","type":"page","link":"https:\/\/www.iuf.li\/de\/industrie-und-finanzkontor\/werte-und-prinzipien\/","title":{"rendered":"Werte und Prinzipien"},"content":{"rendered":"","protected":false},"excerpt":{"rendered":"","protected":false},"author":1,"featured_media":0,"parent":42,"menu_order":11,"comment_status":"closed","ping_status":"closed","template":"","meta":{"_acf_changed":false,"_seopress_robots_primary_cat":"","_seopress_titles_title":"Der gr\u00f6sste Wert von Verm\u00f6gen: es f\u00fcr die n\u00e4chste Generation zu erhalten ","_seopress_titles_desc":"Industrie- und Finanzkontor unterst\u00fctzt darin, eine generationen\u00fcbergreifende Kompetenz im Umgang mit dem Familien- und Gesch\u00e4ftsverm\u00f6gen zu entwickeln","_seopress_robots_index":"","footnotes":""},"class_list":["post-57","page","type-page","status-publish","format-standard","hentry"],"acf":[],"_links":{"self":[{"href":"https:\/\/www.iuf.li\/de\/wp-json\/wp\/v2\/pages\/57","targetHints":{"allow":["GET"]}}],"collection":[{"href":"https:\/\/www.iuf.li\/de\/wp-json\/wp\/v2\/pages"}],"about":[{"href":"https:\/\/www.iuf.li\/de\/wp-json\/wp\/v2\/types\/page"}],"author":[{"embeddable":true,"href":"https:\/\/www.iuf.li\/de\/wp-json\/wp\/v2\/users\/1"}],"replies":[{"embeddable":true,"href":"https:\/\/www.iuf.li\/de\/wp-json\/wp\/v2\/comments?post=57"}],"version-history":[{"count":0,"href":"https:\/\/www.iuf.li\/de\/wp-json\/wp\/v2\/pages\/57\/revisions"}],"up":[{"embeddable":true,"href":"https:\/\/www.iuf.li\/de\/wp-json\/wp\/v2\/pages\/42"}],"wp:attachment":[{"href":"https:\/\/www.iuf.li\/de\/wp-json\/wp\/v2\/media?parent=57"}],"curies":[{"name":"wp","href":"https:\/\/api.w.org\/{rel}","templated":true}]}}